{"id":4075,"date":"2023-09-13T19:47:25","date_gmt":"2023-09-13T19:47:25","guid":{"rendered":"https:\/\/www.cbhukuk.com\/?page_id=4075"},"modified":"2025-02-04T10:48:47","modified_gmt":"2025-02-04T10:48:47","slug":"partners","status":"publish","type":"page","link":"https:\/\/www.cbhukuk.com\/en\/partners\/","title":{"rendered":"Corporate Partners"},"content":{"rendered":"<section class=\"l-section wpb_row height_auto\"><div class=\"l-section-h i-cf\"><div class=\"g-cols vc_row via_grid cols_1 laptops-cols_inherit tablets-cols_inherit mobiles-cols_1 valign_top type_default stacking_default\"><div class=\"wpb_column vc_column_container\"><div class=\"vc_column-inner\"><div class=\"w-separator size_medium\"><\/div><div class=\"wpb_text_column\"><div class=\"wpb_wrapper\"><h1 style=\"text-align: center;\">CORPORATE PARTNERS<\/h1>\n<\/div><\/div><div class=\"w-separator size_small with_line width_default thick_3 style_solid color_border align_center\"><div class=\"w-separator-h\"><\/div><\/div><\/div><\/div><\/div><\/div><\/section><section class=\"l-section wpb_row height_small\"><div class=\"l-section-h i-cf\"><div class=\"g-cols vc_row via_grid cols_4 laptops-cols_inherit tablets-cols_inherit mobiles-cols_1 valign_top type_default stacking_default\"><div class=\"wpb_column vc_column_container us_custom_eb849559\"><div class=\"vc_column-inner\"><div class=\"w-image style_circle align_none\"><div class=\"w-image-h\"><img decoding=\"async\" width=\"300\" height=\"276\" src=\"https:\/\/www.cbhukuk.com\/wp-content\/uploads\/2025\/02\/sura-cokgor-300x276.jpg\" class=\"attachment-medium size-medium\" alt=\"\u015fura \u00e7okg\u00f6r\" srcset=\"https:\/\/www.cbhukuk.com\/wp-content\/uploads\/2025\/02\/sura-cokgor-300x276.jpg 300w, https:\/\/www.cbhukuk.com\/wp-content\/uploads\/2025\/02\/sura-cokgor-100x92.jpg 100w, https:\/\/www.cbhukuk.com\/wp-content\/uploads\/2025\/02\/sura-cokgor-90x83.jpg 90w, https:\/\/www.cbhukuk.com\/wp-content\/uploads\/2025\/02\/sura-cokgor-435x400.jpg 435w, https:\/\/www.cbhukuk.com\/wp-content\/uploads\/2025\/02\/sura-cokgor-120x110.jpg 120w, https:\/\/www.cbhukuk.com\/wp-content\/uploads\/2025\/02\/sura-cokgor.jpg 645w\" sizes=\"(max-width: 300px) 100vw, 300px\" \/><\/div><\/div><div class=\"w-separator size_medium with_line width_default thick_3 style_solid color_border align_center\"><div class=\"w-separator-h\"><\/div><\/div><div class=\"wpb_text_column\"><div class=\"wpb_wrapper\"><p><strong>Att. \u015eura \u00c7okg\u00f6r<\/strong><\/p>\n<p><a href=\"mailto:scokgor@cbhukuk.com\">scokgor@cbhukuk.com<\/a><\/p>\n<p><a href=\"tel:+90%20212%20706%2024%2064\"><span class=\"w-text-value\"><span style=\"text-decoration: none; text-underline: none;\">+90 212 706 24 64<\/span><\/span><\/a><\/p>\n<\/div><\/div><\/div><\/div><div class=\"wpb_column vc_column_container\"><div class=\"vc_column-inner\"><div class=\"wpb_text_column\"><div class=\"wpb_wrapper\"><p>After graduating from Istanbul Commerce University Faculty of Law, she worked in various law firms before founding C&amp;B Law Office as a founding partner in 2013. Her areas of expertise include Labor Law, Inheritance Law, and Foreigners Law. She serves as an expert in Labor Law cases within the jurisdiction of Istanbul Courts. Additionally, she holds a Mediation certificate and specialized mediation certificates in Labor Law, Banking Law, Commercial Law, and Lease Disputes. She successfully manages the leadership of C&amp;B Law Office&#8217;s departments of Labor Law, Inheritance Law, and Mediation Center.<\/p>\n<\/div><\/div><\/div><\/div><div class=\"wpb_column vc_column_container us_custom_eb849559\"><div class=\"vc_column-inner\"><div class=\"w-image style_circle align_none\"><div class=\"w-image-h\"><img decoding=\"async\" width=\"300\" height=\"287\" src=\"https:\/\/www.cbhukuk.com\/wp-content\/uploads\/2025\/02\/orbay-cokgor-kapak-300x287.jpg\" class=\"attachment-medium size-medium\" alt=\"orbay \u00e7okg\u00f6r\" srcset=\"https:\/\/www.cbhukuk.com\/wp-content\/uploads\/2025\/02\/orbay-cokgor-kapak-300x287.jpg 300w, https:\/\/www.cbhukuk.com\/wp-content\/uploads\/2025\/02\/orbay-cokgor-kapak-100x96.jpg 100w, https:\/\/www.cbhukuk.com\/wp-content\/uploads\/2025\/02\/orbay-cokgor-kapak-90x86.jpg 90w, https:\/\/www.cbhukuk.com\/wp-content\/uploads\/2025\/02\/orbay-cokgor-kapak-418x400.jpg 418w, https:\/\/www.cbhukuk.com\/wp-content\/uploads\/2025\/02\/orbay-cokgor-kapak-120x115.jpg 120w, https:\/\/www.cbhukuk.com\/wp-content\/uploads\/2025\/02\/orbay-cokgor-kapak.jpg 615w\" sizes=\"(max-width: 300px) 100vw, 300px\" \/><\/div><\/div><div class=\"w-separator size_medium with_line width_default thick_3 style_solid color_border align_center\"><div class=\"w-separator-h\"><\/div><\/div><div class=\"wpb_text_column\"><div class=\"wpb_wrapper\"><p><strong>Att. Orbay \u00c7okg\u00f6r<\/strong><\/p>\n<p><a href=\"mailto:ocokgor@cbhukuk.com\">ocokgor@cbhukuk.com<\/a><\/p>\n<p><a href=\"tel:+90%20212%20706%2024%2064\"><span class=\"w-text-value\"><span style=\"text-decoration: none; text-underline: none;\">+90 212 706 24 64<\/span><\/span><\/a><\/p>\n<\/div><\/div><\/div><\/div><div class=\"wpb_column vc_column_container\"><div class=\"vc_column-inner\"><div class=\"wpb_text_column\"><div class=\"wpb_wrapper\"><p>After graduating from Istanbul Commerce University Faculty of Law, he served as a legal consultant in various internationally recognized firms. Subsequently, he completed his master&#8217;s degree in Criminal Justice at New York ASA College. In 2014, he joined C&amp;B Law Office as one of the founding partners. His areas of expertise include International Cases, Commercial Law, Contract Law, Real Estate Law, and Family Law. Additionally, he handles cases related to International Child Abduction and the Return of Joint Children under the 1980 Hague Convention and is a member of the <a href=\"https:\/\/kinderontvoering.org\/\" target=\"_blank\" rel=\"noopener\">Kinderontvoering<\/a> organization.<\/p>\n<\/div><\/div><\/div><\/div><\/div><\/div><\/section>\n","protected":false},"excerpt":{"rendered":"CORPORATE PARTNERS Att. \u015eura \u00c7okg\u00f6r scokgor@cbhukuk.com +90 212 706 24 64 After graduating from Istanbul Commerce University Faculty of Law, she worked in various law firms before founding C&amp;B Law Office as a founding partner in 2013. Her areas of expertise include Labor Law, Inheritance Law, and Foreigners Law. She serves as an expert in...","protected":false},"author":1,"featured_media":0,"parent":0,"menu_order":0,"comment_status":"closed","ping_status":"closed","template":"","meta":{"_joinchat":[],"footnotes":""},"class_list":["post-4075","page","type-page","status-publish","hentry"],"_links":{"self":[{"href":"https:\/\/www.cbhukuk.com\/en\/wp-json\/wp\/v2\/pages\/4075","targetHints":{"allow":["GET"]}}],"collection":[{"href":"https:\/\/www.cbhukuk.com\/en\/wp-json\/wp\/v2\/pages"}],"about":[{"href":"https:\/\/www.cbhukuk.com\/en\/wp-json\/wp\/v2\/types\/page"}],"author":[{"embeddable":true,"href":"https:\/\/www.cbhukuk.com\/en\/wp-json\/wp\/v2\/users\/1"}],"replies":[{"embeddable":true,"href":"https:\/\/www.cbhukuk.com\/en\/wp-json\/wp\/v2\/comments?post=4075"}],"version-history":[{"count":0,"href":"https:\/\/www.cbhukuk.com\/en\/wp-json\/wp\/v2\/pages\/4075\/revisions"}],"wp:attachment":[{"href":"https:\/\/www.cbhukuk.com\/en\/wp-json\/wp\/v2\/media?parent=4075"}],"curies":[{"name":"wp","href":"https:\/\/api.w.org\/{rel}","templated":true}]}}